{"id":2052,"date":"2016-01-14T16:50:56","date_gmt":"2016-01-14T16:50:56","guid":{"rendered":"https:\/\/demo.thembay.com\/cena\/cart\/"},"modified":"2016-01-14T16:50:56","modified_gmt":"2016-01-14T16:50:56","slug":"cart-2","status":"publish","type":"page","link":"https:\/\/laptopsilver.hu\/?page_id=2052","title":{"rendered":"Cart"},"content":{"rendered":"<div class=\"woocommerce\"><div class=\"woocommerce-notices-wrapper\"><\/div><p class=\"cart-empty woocommerce-info\">Jelenleg \u00fcres a bev\u00e1s\u00e1rl\u00f3kos\u00e1r.<\/p>\t<p class=\"return-to-shop\">\n\t\t<a class=\"button wc-backward wp-element-button\" href=\"https:\/\/laptopsilver.hu\/?page_id=2239\">\n\t\t\tV\u00e1s\u00e1rl\u00e1s folytat\u00e1sa\t\t<\/a>\n\t<\/p>\n<\/div>\n","protected":false},"excerpt":{"rendered":"Jelenleg \u00fcres a bev\u00e1s\u00e1rl\u00f3kos\u00e1r. V\u00e1s\u00e1rl\u00e1s folytat\u00e1sa","protected":false},"author":1,"featured_media":0,"parent":0,"menu_order":0,"comment_status":"closed","ping_status":"closed","template":"","meta":[],"_links":{"self":[{"href":"https:\/\/laptopsilver.hu\/index.php?rest_route=\/wp\/v2\/pages\/2052"}],"collection":[{"href":"https:\/\/laptopsilver.hu\/index.php?rest_route=\/wp\/v2\/pages"}],"about":[{"href":"https:\/\/laptopsilver.hu\/index.php?rest_route=\/wp\/v2\/types\/page"}],"author":[{"embeddable":true,"href":"https:\/\/laptopsilver.hu\/index.php?rest_route=\/wp\/v2\/users\/1"}],"replies":[{"embeddable":true,"href":"https:\/\/laptopsilver.hu\/index.php?rest_route=%2Fwp%2Fv2%2Fcomments&post=2052"}],"version-history":[{"count":0,"href":"https:\/\/laptopsilver.hu\/index.php?rest_route=\/wp\/v2\/pages\/2052\/revisions"}],"wp:attachment":[{"href":"https:\/\/laptopsilver.hu\/index.php?rest_route=%2Fwp%2Fv2%2Fmedia&parent=2052"}],"curies":[{"name":"wp","href":"https:\/\/api.w.org\/{rel}","templated":true}]}}