{"id":2255,"date":"2020-03-24T14:40:40","date_gmt":"2020-03-24T14:40:40","guid":{"rendered":"https:\/\/laptopsilver.hu\/?page_id=2255"},"modified":"2020-03-24T14:41:12","modified_gmt":"2020-03-24T14:41:12","slug":"garancialis-feltetelek","status":"publish","type":"page","link":"https:\/\/laptopsilver.hu\/?page_id=2255","title":{"rendered":"Garanci\u00e1lis felt\u00e9telek"},"content":{"rendered":"<section class=\"wpb-content-wrapper\"><p>[vc_row][vc_column][vc_column_text]Garanci\u00e1lis felt\u00e9telek<\/p>\n<p>A j\u00f3t\u00e1ll\u00e1si jegyen felt\u00fcntetett term\u00e9kre 10.000.- Ft \u00e9rt\u00e9khat\u00e1r felett a fogyaszt\u00f3i szerz\u0151d\u00e9s keretein bel\u00fcl C\u00e9g\u00fcnk j\u00f3t\u00e1ll\u00e1st, alatta szavatoss\u00e1got v\u00e1llal. A j\u00f3t\u00e1ll\u00e1s id\u0151tartama 1 \u00e9v. A j\u00f3t\u00e1ll\u00e1si ill. szavatoss\u00e1gi hat\u00e1rid\u0151 a fogyaszt\u00e1si cikk fogyaszt\u00f3 r\u00e9sz\u00e9re t\u00f6rt\u00e9n\u0151 \u00e1tad\u00e1sa napj\u00e1val kezd\u0151dik.<\/p>\n<p>Amennyiben :<\/p>\n<p>-\u00d6n rendelkezik sz\u00e1mla,vagy nyugta, vagy garancia jeggyel, mellyel bizony\u00edtani tudja a term\u00e9k v\u00e1s\u00e1rl\u00e1s\u00e1t.<\/p>\n<p>-A hiba igazoltan a term\u00e9k anyaghib\u00e1j\u00e1b\u00f3l keletkezett \u00e9s csak a rendeltet\u00e9sszer\u0171 haszn\u00e1lat sor\u00e1n lett l\u00e1that\u00f3.<\/p>\n<p>Nem tartozik a j\u00f3t\u00e1ll\u00e1s al\u00e1 a hiba, \u00e9s a j\u00f3t\u00e1ll\u00e1sra k\u00f6telezett mentes\u00fcl a j\u00f3t\u00e1ll\u00e1si k\u00f6telezetts\u00e9ge al\u00f3l, ha a meghib\u00e1sod\u00e1s a fogyaszt\u00f3 r\u00e9sz\u00e9re t\u00f6rt\u00e9nt \u00e1tad\u00e1s ut\u00e1n keletkezett.<\/p>\n<p>-Ha a hiba nem a rendeltet\u00e9sszer\u0171 haszn\u00e1latb\u00f3l keletkezett<\/p>\n<p>\u2013 Ha a haszn\u00e1lati \u00fatmutat\u00f3n felt\u00fcntetett kezel\u00e9si \u00e9s haszn\u00e1lati utas\u00edt\u00e1sokat figyelmen k\u00edv\u00fcl hagy\u00e1sa okozta.<\/p>\n<p>\u2013 Ha a hib\u00e1t illet\u00e9ktelen \u00e1talak\u00edt\u00e1s, beavatkoz\u00e1s, szakszer\u0171tlen jav\u00edt\u00e1s okozta.<\/p>\n<p>\u2013 Ha a hiba a term\u00e9k gondatlan haszn\u00e1lat\u00e1b\u00f3l ered ( \u00fct\u00e9s, karcol\u00e1s, akad\u00e1s stb. )<\/p>\n<p>\u2013 Ha a hiba a norm\u00e1l elhaszn\u00e1l\u00f3d\u00e1sb\u00f3l ered.<\/p>\n<p>Garanci\u00e1lis ig\u00e9ny bejelent\u00e9s\u00e9t k\u00f6vet\u0151en a vissza sz\u00e1ll\u00edt\u00e1st c\u00e9g\u00fcnk fizeti, el\u0151zetes egyeztet\u00e9s ut\u00e1n, az \u00e9sszer\u0171s\u00e9g \u00e9s gazdas\u00e1goss\u00e1g figyelembev\u00e9tel\u00e9vel, elt\u00falzott \u00e9s indokolatlan k\u00f6lts\u00e9geket nem \u00e1ll m\u00f3dunkban kifizetni.<\/p>\n<p>A garanci\u00e1lis probl\u00e9m\u00e1val c\u00e9g\u00fcnknek behozott \u00e9kszereket tov\u00e1bb\u00edtjuk a c\u00e9g\u00fcnknek garanci\u00e1lis h\u00e1tteret biztos\u00edt\u00f3\u00a0 besz\u00e1ll\u00edt\u00f3nkhoz, aki int\u00e9zkedik ezek miel\u0151bbi jav\u00edt\u00e1s\u00e1r\u00f3l a vonatkoz\u00f3 jogszab\u00e1lyok betart\u00e1sa mellett.<\/p>\n<p>Kell\u00e9kszavatoss\u00e1g<\/p>\n<p><strong>A Megrendel\u0151 az Elad\u00f3 hib\u00e1s teljes\u00edt\u00e9se eset\u00e9n a v\u00e1llalkoz\u00e1ssal szemben kell\u00e9kszavatoss\u00e1gi ig\u00e9nyt \u00e9rv\u00e9nyes\u00edthet a Polg\u00e1ri T\u00f6rv\u00e9nyk\u00f6nyv szab\u00e1lyai szerint.<\/strong><\/p>\n<p><strong>A Megrendel\u0151 v\u00e1laszt\u00e1sa szerint-az al\u00e1bbi kell\u00e9kszavatoss\u00e1gi ig\u00e9nyekkel \u00e9lhet:<\/strong><\/p>\n<p><strong>K\u00e9rhet kijav\u00edt\u00e1st vagy kicser\u00e9l\u00e9st, kiv\u00e9ve, ha az ezek k\u00f6z\u00fcl a Megrendel\u0151 \u00e1ltal v\u00e1lasztott ig\u00e9ny teljes\u00edt\u00e9se lehetetlen vagy az Elad\u00f3 sz\u00e1m\u00e1ra m\u00e1s ig\u00e9nye teljes\u00edt\u00e9s\u00e9hez k\u00e9pest ar\u00e1nytalan t\u00f6bbletk\u00f6lts\u00e9ggel j\u00e1rna. Ha a kijav\u00edt\u00e1st vagy a kicser\u00e9l\u00e9st nem k\u00e9rte, illetve nem k\u00e9rhette, \u00fagy ig\u00e9nyelheti az ellenszolg\u00e1ltat\u00e1s ar\u00e1nyos lesz\u00e1ll\u00edt\u00e1s\u00e1t vagy v\u00e9gs\u0151 esetben a szerz\u0151d\u00e9st\u0151l is el\u00e1llhat.<\/strong><\/p>\n<p><strong>V\u00e1lasztott kell\u00e9kszavatoss\u00e1gi jog\u00e1r\u00f3l egy m\u00e1sikra is \u00e1tt\u00e9rhet, az \u00e1tt\u00e9r\u00e9s k\u00f6lts\u00e9g\u00e9t azonban a Megrendel\u0151 viseli, kiv\u00e9ve, ha az indokolt volt, vagy arra az Elad\u00f3 adott okot.<\/strong><\/p>\n<p><strong>A Megrendel\u0151 k\u00f6teles a hib\u00e1t annak felfedez\u00e9se ut\u00e1n halad\u00e9ktalanul, de nem k\u00e9s\u0151bb, mint a hiba felfedez\u00e9s\u00e9t\u0151l sz\u00e1m\u00edtott kett\u0151 h\u00f3napon bel\u00fcl k\u00f6z\u00f6lni. Ugyanakkor a Megrendel\u0151 a szerz\u0151d\u00e9s teljes\u00edt\u00e9s\u00e9t\u0151l sz\u00e1m\u00edtott k\u00e9t \u00e9ves el\u00e9v\u00fcl\u00e9si hat\u00e1rid\u0151n t\u00fal kell\u00e9kszavatoss\u00e1gi jogait m\u00e1r nem \u00e9rv\u00e9nyes\u00edtheti.<\/strong><\/p>\n<p><strong>A Megrendel\u0151 az Elad\u00f3val szemben \u00e9rv\u00e9nyes\u00edtheti kell\u00e9kszavatoss\u00e1gi ig\u00e9ny\u00e9t.<\/strong><\/p>\n<p><strong>A teljes\u00edt\u00e9st\u0151l sz\u00e1m\u00edtott hat h\u00f3napon bel\u00fcl a kell\u00e9kszavatoss\u00e1gi ig\u00e9nye \u00e9rv\u00e9nyes\u00edt\u00e9s\u00e9nek a hiba k\u00f6zl\u00e9s\u00e9n t\u00fal nincs egy\u00e9b felt\u00e9tele, ha a Megrendel\u0151 igazolja, hogy a term\u00e9ket, illetve a szolg\u00e1ltat\u00e1st az Elad\u00f3 ny\u00fajtotta. A teljes\u00edt\u00e9st\u0151l sz\u00e1m\u00edtott hat h\u00f3nap eltelte ut\u00e1n azonban m\u00e1r a Megrendel\u0151 k\u00f6teles bizony\u00edtani, hogy a Megrendel\u0151 \u00e1ltal felismert hiba m\u00e1r a teljes\u00edt\u00e9s id\u0151pontj\u00e1ban is megvolt.<\/strong><\/p>\n<p><strong>Jegyz\u0151k\u00f6nyvet kell felvenni\u00a0a fogyaszt\u00f3 kifog\u00e1s\u00e1r\u00f3l<\/strong><\/p>\n<p>a fogyaszt\u00f3 \u00e9s v\u00e1llalkoz\u00e1s k\u00f6z\u00f6tti szerz\u0151d\u00e9s keret\u00e9ben eladott dolgokra vonatkoz\u00f3 szavatoss\u00e1gi \u00e9s j\u00f3t\u00e1ll\u00e1si ig\u00e9nyek int\u00e9z\u00e9s\u00e9r\u0151l sz\u00f3l\u00f3 19\/2014. (IV. 29.) NGM rendelet alapj\u00e1n, a let\u00f6lthet\u0151 jegyz\u0151k\u00f6nyv megtal\u00e1lhat\u00f3 a v\u00e1s\u00e1rl\u00e1si felt\u00e9telekben.<\/p>\n<p>Jegyz\u0151k\u00f6nyvet akkor kell felvenni, ha a Polg\u00e1ri T\u00f6rv\u00e9nyk\u00f6nyvr\u0151l sz\u00f3l\u00f3 2013. \u00e9vi V. t\u00f6rv\u00e9ny (Ptk.) szerinti fogyaszt\u00f3 \u00e9s v\u00e1llalkoz\u00e1s k\u00f6z\u00f6tti szerz\u0151d\u00e9s eset\u00e9n az eladott ing\u00f3 dolog hib\u00e1ja miatt a fogyaszt\u00f3 Ptk. szerinti kell\u00e9kszavatoss\u00e1gi vagy term\u00e9kszavatoss\u00e1gi ig\u00e9nyt vagy jogszab\u00e1ly alapj\u00e1n \u0151t megillet\u0151 j\u00f3t\u00e1ll\u00e1si ig\u00e9nyt \u00e9rv\u00e9nyes\u00edt. A Ptk. szerinti term\u00e9kszavatoss\u00e1gi ig\u00e9ny \u00e9rv\u00e9nyes\u00edt\u00e9se eset\u00e9n a v\u00e1llalkoz\u00e1s helyett a dolog gy\u00e1rt\u00f3j\u00e1t terhelik a rendelet szerinti k\u00f6telezetts\u00e9gek.<\/p>\n<p>Fogyaszt\u00f3i jogvita eset\u00e9n a fogyaszt\u00f3 a megyei (f\u0151v\u00e1rosi) kereskedelmi \u00e9s iparkamar\u00e1k mellett m\u0171k\u00f6d\u0151 b\u00e9k\u00e9ltet\u0151 test\u00fclet elj\u00e1r\u00e1s\u00e1t is kezdem\u00e9nyezheti. Az elj\u00e1r\u00e1sra a fogyaszt\u00f3 lak\u00f3helye vagy tart\u00f3zkod\u00e1si helye szerinti b\u00e9k\u00e9ltet\u0151 test\u00fclet illet\u00e9kes. A fogyaszt\u00f3 belf\u00f6ldi lak\u00f3helye \u00e9s tart\u00f3zkod\u00e1si helye hi\u00e1ny\u00e1ban a b\u00e9k\u00e9ltet\u0151 test\u00fclet illet\u00e9kess\u00e9g\u00e9t a fogyaszt\u00f3i jogvit\u00e1val \u00e9rintett v\u00e1llalkoz\u00e1s vagy az annak k\u00e9pviselet\u00e9re feljogos\u00edtott szerv sz\u00e9khelye alap\u00edtja meg. A b\u00e9k\u00e9ltet\u0151 test\u00fcletek el\u00e9rhet\u0151s\u00e9gei megtal\u00e1lhat\u00f3ak a\u00a0<a href=\"http:\/\/www.bekeltetes.hu\/\">www.bekeltetes.hu<\/a>\u00a0oldalon.<\/p>\n<p>Szabolcs-Szatm\u00e1r-Bereg megyei Kereskedelmi \u00e9s Iparkamara mellett szervezett B\u00e9k\u00e9ltet\u0151 Test\u00fcletEl\u00e9rhet\u0151s\u00e9gek<\/p>\n<p>C\u00edm:\u00a04400 Ny\u00edregyh\u00e1za, Sz\u00e9chenyi u. 2.<br \/>\nTelefon:\u00a006-42-311-544<\/p>\n<p>Fax:\u00a006-42-311-750<\/p>\n<p>e-mail c\u00edm.:\u00a0<a href=\"mailto:bekelteto@szabkam.hu\">bekelteto@szabkam.hu<\/a><\/p>\n<p>&nbsp;<\/p>\n<p>\u00dcgyf\u00e9lszolg\u00e1lat : +36-70\/638-7453<\/p>\n<p>4400 Ny\u00edregyh\u00e1za, R\u00e1k\u00f3czi \u00fat 17.. \u2013 A rakt\u00e1ron l\u00e9v\u0151 term\u00e9keink\u00a0 szem\u00e9lyesen is megtekinthet\u0151, \u00e9s megv\u00e1s\u00e1rolhat\u00f3\u00a0!<\/p>\n<p>Nyitvatart\u00e1s: csak telefonos egyeztet\u00e9s alapj\u00e1n<\/p>\n<p>Harmadik f\u00e9l \u00e1ltal jav\u00edtott, vagy szakszer\u0171tlen kezel\u00e9sb\u0151l, be\u00e1ll\u00edt\u00e1sb\u00f3l \u00e9s a garanci\u00e1lis felt\u00e9telek al\u00e1 nem es\u0151 probl\u00e9m\u00e1k eset\u00e9n a sz\u00e1ll\u00edt\u00e1s \u00e9s egy\u00e9b k\u00f6lts\u00e9g a v\u00e1s\u00e1rl\u00f3t terheli.<\/p>\n<p>&nbsp;<\/p>\n<p>Panaszkezel\u00e9s m\u00f3dja<\/p>\n<p>Fogyaszt\u00f3i jogvita eset\u00e9n a fogyaszt\u00f3 a megyei (f\u0151v\u00e1rosi) kereskedelmi \u00e9s iparkamar\u00e1k mellett m\u0171k\u00f6d\u0151 b\u00e9k\u00e9ltet\u0151 test\u00fclet elj\u00e1r\u00e1s\u00e1t is kezdem\u00e9nyezheti. Az elj\u00e1r\u00e1sra a fogyaszt\u00f3 lak\u00f3helye vagy tart\u00f3zkod\u00e1si helye szerinti b\u00e9k\u00e9ltet\u0151 test\u00fclet illet\u00e9kes. A fogyaszt\u00f3 belf\u00f6ldi lak\u00f3helye \u00e9s tart\u00f3zkod\u00e1si helye hi\u00e1ny\u00e1ban a b\u00e9k\u00e9ltet\u0151 test\u00fclet illet\u00e9kess\u00e9g\u00e9t a fogyaszt\u00f3i jogvit\u00e1val \u00e9rintett v\u00e1llalkoz\u00e1s vagy az annak k\u00e9pviselet\u00e9re feljogos\u00edtott szerv sz\u00e9khelye alap\u00edtja meg. A b\u00e9k\u00e9ltet\u0151 test\u00fcletek el\u00e9rhet\u0151s\u00e9gei megtal\u00e1lhat\u00f3ak a\u00a0<a href=\"http:\/\/www.bekeltetes.hu\/\">www.bekeltetes.hu<\/a>\u00a0oldalon.<\/p>\n<p>&nbsp;<\/p>\n<p>Fogyaszt\u00f3i jogvita eset\u00e9n el\u00e9rhet\u0151s\u00e9geink:<\/p>\n<p>&nbsp;<\/p>\n<ol>\n<li>V\u00e1llalkoz\u00e1sunk sz\u00e9khelye: 4400 Ny\u00edregyh\u00e1za, R\u00e1k\u00f3czi \u00fat 17.<\/li>\n<li>Telefonos panasz bejelent\u00e9se eset\u00e9n telefonsz\u00e1munk: +36-70\/638-7453 (munkanapokon:08.00-18.00-ig, amennyiben nem vessz\u00fck fel a telefont \u00e9s sz\u00e1mkijelz\u00e9ssel h\u00edv term\u00e9szetesen a lehet\u0151 leghamarabb felvessz\u00fck \u00d6nnel a kapcsolatot)<\/li>\n<li>Amennyiben \u00edr\u00e1sban szeretn\u00e9 fel\u00e9nk jelezni panasz\u00e1t akkor postai \u00faton a v\u00e1llalkoz\u00e1sunk sz\u00e9khely\u00e9nek c\u00edm\u00e9re teheti meg vagy email-ban <u>bakosjanek1977@gamil.com<\/u>email c\u00edmen. (\u00cdr\u00e1sos panasz be\u00e9rkez\u00e9se ut\u00e1n 3 napon bel\u00fcl felvessz\u00fck \u00d6nnel a kapcsolatot a level\u00e9ben megadott el\u00e9rhet\u0151s\u00e9gek valamelyik\u00e9n. \u00cdr\u00e1sos panasz eset\u00e9n panasza k\u00e9rj\u00fck tartalmazza a vev\u0151 nev\u00e9t, a v\u00e1s\u00e1rl\u00e1s id\u0151pontj\u00e1t, a term\u00e9k megnevez\u00e9s\u00e9t \u00e9s a panasz ok\u00e1t.)<\/li>\n<\/ol>\n<p>&nbsp;<\/p>\n<p>Amennyiben panasz\u00e1t nem tudjuk az \u00d6nt is kiel\u00e9g\u00edt\u0151 m\u00f3don rendezni az al\u00e1bbi lehet\u0151s\u00e9gek \u00e1llnak rendelkekz\u00e9s\u00e9re:<\/p>\n<p>&nbsp;<\/p>\n<ol>\n<li><strong><em><a href=\"https:\/\/ec.europa.eu\/consumers\/odr\/main\/index.cfm?event=main.home.show&amp;lng=HU\">Ha panasszal k\u00edv\u00e1n \u00e9lni online v\u00e1s\u00e1rolt term\u00e9kkel kapcsolatban akkor kattintson ide!\u00a0<\/a><\/em><\/strong><\/li>\n<\/ol>\n<p>&nbsp;<\/p>\n<ol start=\"2\">\n<li><a href=\"http:\/\/www.bekeltetes.hu\/index.php?id=testuletek\"><strong><em>Panasz\u00e1t bejelentheti szem\u00e9lyesen a lakhelye szerint illet\u00e9kes b\u00e9k\u00e9ltet\u0151 test\u00fcletn\u00e9l. A b\u00e9k\u00e9ltet\u0151 test\u00fcletek list\u00e1j\u00e1t ide kattintva \u00e9rheti el!<\/em><\/strong><\/a><\/li>\n<\/ol>\n<p>&nbsp;<\/p>\n<p>&nbsp;<\/p>\n<p><strong>Tulajdonjogi kik\u00f6t\u00e9s<\/strong><br \/>\nA lesz\u00e1ll\u00edtott \u00e1ru a v\u00e9tel\u00e1r teljes kifizet\u00e9s\u00e9ig a sz\u00e1ll\u00edt\u00f3 tulajdon\u00e1ban marad. A t\u00e9ves, nem elfogadott rendel\u00e9sek sor\u00e1n a term\u00e9ket az \u201e\u00faj\u201d tulajdonos nev\u00e9n k\u00e9szletbe v\u00e9telezz\u00fck, \u00e9s az \u00fajabb, sikeres \u00e9rt\u00e9kes\u00edt\u00e9st k\u00f6vet\u0151en az \u00faj tulajdonos\u00e1nak ker\u00fcl kifizet\u00e9sre az ellen\u00e9rt\u00e9k!<\/p>\n<p><strong>Megrendel\u00e9s m\u00f3dos\u00edt\u00e1sa, t\u00f6rl\u00e9se<\/strong><br \/>\nA 2001. \u00e9vi CVIII. t\u00f6rv\u00e9ny \u00e9rtelm\u00e9ben a megrendel\u00e9s lead\u00e1sakor a v\u00e1s\u00e1rl\u00f3 fel\u00e9 azonnal \u00e9rtes\u00edt\u00e9st k\u00fcld az elad\u00f3 web\u00e1ruh\u00e1z szoftvere a rendel\u00e9s felv\u00e9tel\u00e9nek t\u00e9ny\u00e9r\u0151l. Ez az \u00e9rtes\u00edt\u00e9s nem min\u0151s\u00fcl az elad\u00f3 \u00e9s a v\u00e1s\u00e1rl\u00f3 k\u00f6z\u00f6tt l\u00e9trej\u00f6tt szerz\u0151d\u00e9snek! Csup\u00e1n jelzi a v\u00e1s\u00e1rl\u00f3nak, hogy rendel\u00e9si ig\u00e9ny\u00e9t rendszer\u00fcnk regisztr\u00e1lta \u00e9s tov\u00e1bb\u00edtotta az elad\u00f3 illet\u00e9kes munkat\u00e1rsa fel\u00e9.<\/p>\n<p>Amennyiben a v\u00e1s\u00e1rl\u00f3hoz ez 48 \u00f3r\u00e1n bel\u00fcl nem \u00e9rkezik meg, akkor a v\u00e1s\u00e1rl\u00f3 aj\u00e1nlatt\u00e9teli k\u00f6t\u00f6tts\u00e9gei megsz\u0171nnek.<br \/>\nAz elad\u00f3 a rendel\u00e9s teljes\u00edt\u00e9s\u00e9nek megkezd\u00e9s\u00e9ig megadja a lehet\u0151s\u00e9get a v\u00e1s\u00e1rl\u00f3nak rendel\u00e9se visszavon\u00e1s\u00e1ra elektronikus \u00faton. A rendel\u00e9s teljes\u00edt\u00e9s\u00e9nek megkezd\u00e9sekor a v\u00e1s\u00e1rl\u00f3 e-mailben \u00e9s\/vagy telefonon \u00e9rtes\u00edt\u00e9st kap a teljes\u00edt\u00e9s v\u00e1rhat\u00f3 id\u0151tartam\u00e1r\u00f3l, \u00e9s a teljes\u00edt\u00e9s megkezd\u00e9s\u00e9nek t\u00e9ny\u00e9r\u0151l, ezut\u00e1n m\u00e1r csak szem\u00e9lyesen vagy a \u201cVev\u0151szolg\u00e1lat\u201d vagy \u201cEl\u00e9rhet\u0151s\u00e9gek\u201d men\u00fcpontok alatt tal\u00e1lhat\u00f3 el\u00e9rhet\u0151s\u00e9gek valamelyik\u00e9n kereszt\u00fcl van lehet\u0151s\u00e9g rendel\u00e9s\u00e9nek visszavon\u00e1s\u00e1ra<\/p>\n<p>A megrendel\u00e9s ut\u00f3lagos m\u00f3dos\u00edt\u00e1s\u00e1ra csak \u00edr\u00e1sos form\u00e1ban,\u00a0 e-mailben ker\u00fclhet sor ( bakosjanek1977@gmail.com\u00a0) .<\/p>\n<p>[\/vc_column_text][\/vc_column][\/vc_row]<\/p>\n<\/section>","protected":false},"excerpt":{"rendered":"<p>[vc_row][vc_column][vc_column_text]Garanci\u00e1lis felt\u00e9telek A j\u00f3t\u00e1ll\u00e1si jegyen felt\u00fcntetett term\u00e9kre 10.000.- Ft \u00e9rt\u00e9khat\u00e1r felett a fogyaszt\u00f3i szerz\u0151d\u00e9s keretein bel\u00fcl C\u00e9g\u00fcnk j\u00f3t\u00e1ll\u00e1st, alatta szavatoss\u00e1got v\u00e1llal. A j\u00f3t\u00e1ll\u00e1s id\u0151tartama 1 \u00e9v. A j\u00f3t\u00e1ll\u00e1si ill. szavatoss\u00e1gi hat\u00e1rid\u0151 a fogyaszt\u00e1si cikk fogyaszt\u00f3 r\u00e9sz\u00e9re t\u00f6rt\u00e9n\u0151 \u00e1tad\u00e1sa napj\u00e1val kezd\u0151dik. Amennyiben : -\u00d6n rendelkezik sz\u00e1mla,vagy nyugta, vagy garancia jeggyel, mellyel bizony\u00edtani tudja a term\u00e9k v\u00e1s\u00e1rl\u00e1s\u00e1t. &hellip; <a href=\"https:\/\/laptopsilver.hu\/?page_id=2255\" class=\"more-link\">Continue reading <span class=\"screen-reader-text\">Garanci\u00e1lis felt\u00e9telek<\/span><\/a><\/p>\n","protected":false},"author":1,"featured_media":0,"parent":0,"menu_order":0,"comment_status":"closed","ping_status":"closed","template":"","meta":[],"_links":{"self":[{"href":"https:\/\/laptopsilver.hu\/index.php?rest_route=\/wp\/v2\/pages\/2255"}],"collection":[{"href":"https:\/\/laptopsilver.hu\/index.php?rest_route=\/wp\/v2\/pages"}],"about":[{"href":"https:\/\/laptopsilver.hu\/index.php?rest_route=\/wp\/v2\/types\/page"}],"author":[{"embeddable":true,"href":"https:\/\/laptopsilver.hu\/index.php?rest_route=\/wp\/v2\/users\/1"}],"replies":[{"embeddable":true,"href":"https:\/\/laptopsilver.hu\/index.php?rest_route=%2Fwp%2Fv2%2Fcomments&post=2255"}],"version-history":[{"count":2,"href":"https:\/\/laptopsilver.hu\/index.php?rest_route=\/wp\/v2\/pages\/2255\/revisions"}],"predecessor-version":[{"id":2257,"href":"https:\/\/laptopsilver.hu\/index.php?rest_route=\/wp\/v2\/pages\/2255\/revisions\/2257"}],"wp:attachment":[{"href":"https:\/\/laptopsilver.hu\/index.php?rest_route=%2Fwp%2Fv2%2Fmedia&parent=2255"}],"curies":[{"name":"wp","href":"https:\/\/api.w.org\/{rel}","templated":true}]}}